{"id":1384,"date":"2024-10-07T15:56:39","date_gmt":"2024-10-07T12:56:39","guid":{"rendered":"https:\/\/sfsivf.gr\/?page_id=1384"},"modified":"2024-10-07T15:56:39","modified_gmt":"2024-10-07T12:56:39","slug":"uber-uns-2","status":"publish","type":"page","link":"https:\/\/sfsivf.gr\/de\/uber-uns-2\/","title":{"rendered":"\u00dcber uns"},"content":{"rendered":"<div class=\"gb-container gb-container-25d76913 company-section1\">\n<div class=\"gb-container gb-container-87d698d5 inner-container\">\n<div class=\"gb-grid-wrapper gb-grid-wrapper-db8e3f83\">\n<div class=\"gb-grid-column gb-grid-column-d34d5472\"><div class=\"gb-container gb-container-d34d5472\" data-aos=\"fade-right\">\n\n<h2 class=\"gb-headline gb-headline-2186eada gb-headline-text\">\u00dcber uns<\/h2>\n\n\n\n<p>Die Entscheidung f\u00fcr ein deutsches Paar, eine Behandlung im Ausland zu unternehmen, f\u00e4llt schwierig und kommt oft zum Schluss vieler erfolgloser langj\u00e4hriger Behandlungen. Abgesehen von der liberalen Gesetzgebung eines EU-Landes wie Griechenland oder der vielversprechenden Erfolgsraten, w\u00e4hlt man eine Klinik aus, in der man sich bestens aufgehoben f\u00fchlt.<\/p>\n\n\n\n<p>F\u00fcr Sie gilt Dr. med. Ioannis Zervomanolakis und Southeastern Fertility Solutions als ein zuverl\u00e4ssiger Begleiter auf dem Weg zum Wunschkind. Da er seine komplette Facharztausbildung zur Geburtshilfe und Frauenheilkunde in Deutschland abgeschlossen hat und an der Universit\u00e4t Bonn im Bereich Reproduktionsmedizin promoviert ist, betreut er zahlreiche Paare aus dem deutschsprachigen Raum, die sich auf Grund der liberalen Gesetzlage in Griechenland an ihn wenden nach den gleichen Standards wie in Deutschland. Bereits beim ersten Kontakt werden Sie von einem deutschsprachigen Team betreut.<\/p>\n\n\n\n<p>Zus\u00e4tzlich zur menschlichen Betreuung ist das Labor ein wichtiger Erfolgsschl\u00fcssel f\u00fcr die Behandlung. In der <a href=\"https:\/\/www.hygeiaivf.gr\/de\/\" target=\"_blank\" rel=\"noreferrer noopener\">Kinderwunschklinik HYGEIA IVF \u0395mbryogenesis<\/a> wenden wir die modernsten innovativen und speziellen Methoden der assistierten Reproduktion an.<\/p>\n\n<\/div><\/div>\n\n<div class=\"gb-grid-column gb-grid-column-b3191441\"><div class=\"gb-container gb-container-b3191441\" data-aos=\"fade-left\">\n\n<figure class=\"gb-block-image gb-block-image-10d7ea27\"><img loading=\"lazy\" decoding=\"async\" width=\"1049\" height=\"700\" class=\"gb-image gb-image-10d7ea27\" src=\"https:\/\/sfsivf.gr\/wp-content\/uploads\/2024\/02\/Mabarchi-7.jpg\" alt=\"\" title=\"Mabarchi-7\" srcset=\"https:\/\/sfsivf.gr\/wp-content\/uploads\/2024\/02\/Mabarchi-7.jpg 1049w, https:\/\/sfsivf.gr\/wp-content\/uploads\/2024\/02\/Mabarchi-7-300x200.jpg 300w, https:\/\/sfsivf.gr\/wp-content\/uploads\/2024\/02\/Mabarchi-7-1024x683.jpg 1024w, https:\/\/sfsivf.gr\/wp-content\/uploads\/2024\/02\/Mabarchi-7-768x512.jpg 768w, https:\/\/sfsivf.gr\/wp-content\/uploads\/2024\/02\/Mabarchi-7-50x33.jpg 50w\" sizes=\"auto, (max-width: 1049px) 100vw, 1049px\" \/><\/figure>\n\n<\/div><\/div>\n\n<div class=\"gb-grid-column gb-grid-column-809825fb\"><div class=\"gb-container gb-container-809825fb\" data-aos=\"fade-right\">\n\n<figure class=\"gb-block-image gb-block-image-f46fdf02\"><img loading=\"lazy\" decoding=\"async\" width=\"1048\" height=\"700\" class=\"gb-image gb-image-f46fdf02\" src=\"https:\/\/sfsivf.gr\/wp-content\/uploads\/2024\/02\/Mabarchi-4.jpg\" alt=\"\" title=\"Mabarchi-4\" srcset=\"https:\/\/sfsivf.gr\/wp-content\/uploads\/2024\/02\/Mabarchi-4.jpg 1048w, https:\/\/sfsivf.gr\/wp-content\/uploads\/2024\/02\/Mabarchi-4-300x200.jpg 300w, https:\/\/sfsivf.gr\/wp-content\/uploads\/2024\/02\/Mabarchi-4-1024x684.jpg 1024w, https:\/\/sfsivf.gr\/wp-content\/uploads\/2024\/02\/Mabarchi-4-768x513.jpg 768w, https:\/\/sfsivf.gr\/wp-content\/uploads\/2024\/02\/Mabarchi-4-50x33.jpg 50w\" sizes=\"auto, (max-width: 1048px) 100vw, 1048px\" \/><\/figure>\n\n<\/div><\/div>\n\n<div class=\"gb-grid-column gb-grid-column-02353129\"><div class=\"gb-container gb-container-02353129\" data-aos=\"fade-left\">\n\n<h2 class=\"gb-headline gb-headline-848538f6 gb-headline-text\">Warum mit uns?<\/h2>\n\n\n\n<ul class=\"wp-block-list\">\n<li>Weil die Klinik Teil des gr\u00f6\u00dften privaten Gesundheitstr\u00e4gers Griechenlands ist, der Hellenic&nbsp;Healthcare&nbsp;Group.<\/li>\n\n\n\n<li>Weil die Klinik eng mit den gr\u00f6\u00dften Privatkliniken des Landes zusammenarbeitet und so \u00fcber Zugang zu speziellen Fachrichtungen und modernster Ausstattung f\u00fcr s\u00e4mtliche Behandlungen verf\u00fcgt.<\/li>\n\n\n\n<li>Weil wir auch in schwierigen F\u00e4llen helfen und die Ursachen vom erfolglosen Kinderwunsch untersuchen k\u00f6nnen.<\/li>\n\n\n\n<li>Weil wir Ihnen rund um die um Ihren Traum zu verwirklichen.<\/li>\n<\/ul>\n\n<\/div><\/div>\n\n<div class=\"gb-grid-column gb-grid-column-6c0ff06f\"><div class=\"gb-container gb-container-6c0ff06f\" data-aos=\"fade-left\">\n\n<h2 class=\"gb-headline gb-headline-623dd6b0 gb-headline-text\">Was wir bieten<\/h2>\n\n\n\n<p>Die Entscheidung f\u00fcr ein deutsches Paar, eine Behandlung im Ausland zu unternehmen, f\u00e4llt schwierig und kommt oft zum Schluss vieler erfolgloser langj\u00e4hriger Behandlungen. Abgesehen von der liberalen Gesetzgebung eines EU-Landes wie Griechenland oder der vielversprechenden Erfolgsraten, w\u00e4hlt man eine Klinik aus, in der man sich bestens aufgehoben f\u00fchlt. F\u00fcr Sie gilt Dr. med. Ioannis Zervomanolakis und Southeastern Fertility Solutions als ein zuverl\u00e4ssiger Begleiter auf dem Weg zum Wunschkind. Da er seine komplette Facharztausbildung zur Geburtshilfe und Frauenheilkunde in Deutschland abgeschlossen hat und an der Universit\u00e4t Bonn im Bereich Reproduktionsmedizin promoviert ist, betreut er zahlreiche Paare aus dem deutschsprachigen Raum, die sich auf Grund der liberalen Gesetzlage in Griechenland an ihn wenden nach den gleichen Standards wie in Deutschland. Bereits beim ersten Kontakt werden Sie von einem deutschsprachigen Team betreut. Unsere Assistentinnen sind in Deutschland aufgewachsen und verf\u00fcgen \u00fcber exzellente Sprachkenntnisse, so dass das Paar w\u00e4hrend der Gesamtbehandlung bestens aufgehoben wird, vom ersten Kontakt bis zur Geburt des Kindes.<\/p>\n\n\n\n<p>Zus\u00e4tzlich zur menschlichen Betreuung ist das Labor ein wichtiger Erfolgsschl\u00fcssel f\u00fcr die Behandlung. In der Kinderwunschklinik HYGEIA IVF \u0395mbryogenesis\u00a0 \u00a0wenden wir die modernsten innovativen und speziellen Methoden der assistierten Reproduktion an. Unsere Klinik mit ihrer modernen und hochwertigen Ausstattung und ihren renommierten medizinischen Personal bietet Sicherheit und individuelle Betreuung in jedem Behandlungsschritt an.<\/p>\n\n<\/div><\/div>\n\n<div class=\"gb-grid-column gb-grid-column-7e5a907b\"><div class=\"gb-container gb-container-7e5a907b\" data-aos=\"fade-right\">\n\n<figure class=\"gb-block-image gb-block-image-1c09f432\"><img loading=\"lazy\" decoding=\"async\" width=\"1048\" height=\"700\" class=\"gb-image gb-image-1c09f432\" src=\"https:\/\/sfsivf.gr\/wp-content\/uploads\/2024\/02\/Mabarchi-4.jpg\" alt=\"\" title=\"Mabarchi-4\" srcset=\"https:\/\/sfsivf.gr\/wp-content\/uploads\/2024\/02\/Mabarchi-4.jpg 1048w, https:\/\/sfsivf.gr\/wp-content\/uploads\/2024\/02\/Mabarchi-4-300x200.jpg 300w, https:\/\/sfsivf.gr\/wp-content\/uploads\/2024\/02\/Mabarchi-4-1024x684.jpg 1024w, https:\/\/sfsivf.gr\/wp-content\/uploads\/2024\/02\/Mabarchi-4-768x513.jpg 768w, https:\/\/sfsivf.gr\/wp-content\/uploads\/2024\/02\/Mabarchi-4-50x33.jpg 50w\" sizes=\"auto, (max-width: 1048px) 100vw, 1048px\" \/><\/figure>\n\n<\/div><\/div>\n\n<div class=\"gb-grid-column gb-grid-column-3305df17\"><div class=\"gb-container gb-container-3305df17\" data-aos=\"fade-right\">\n\n<figure class=\"gb-block-image gb-block-image-9002f264\"><img loading=\"lazy\" decoding=\"async\" width=\"1048\" height=\"700\" class=\"gb-image gb-image-9002f264\" src=\"https:\/\/sfsivf.gr\/wp-content\/uploads\/2024\/02\/Mabarchi-4.jpg\" alt=\"\" title=\"Mabarchi-4\" srcset=\"https:\/\/sfsivf.gr\/wp-content\/uploads\/2024\/02\/Mabarchi-4.jpg 1048w, https:\/\/sfsivf.gr\/wp-content\/uploads\/2024\/02\/Mabarchi-4-300x200.jpg 300w, https:\/\/sfsivf.gr\/wp-content\/uploads\/2024\/02\/Mabarchi-4-1024x684.jpg 1024w, https:\/\/sfsivf.gr\/wp-content\/uploads\/2024\/02\/Mabarchi-4-768x513.jpg 768w, https:\/\/sfsivf.gr\/wp-content\/uploads\/2024\/02\/Mabarchi-4-50x33.jpg 50w\" sizes=\"auto, (max-width: 1048px) 100vw, 1048px\" \/><\/figure>\n\n<\/div><\/div>\n\n<div class=\"gb-grid-column gb-grid-column-14c244a5\"><div class=\"gb-container gb-container-14c244a5\" data-aos=\"fade-left\">\n\n<h2 class=\"gb-headline gb-headline-dc9414c9 gb-headline-text\">Behandlungen<\/h2>\n\n\n\n<ul class=\"wp-block-list\">\n<li>IVF- und ICSI-\u0392ehandlung<\/li>\n\n\n\n<li>Blastozystenkultur<\/li>\n\n\n\n<li>Assisted Hatching<\/li>\n\n\n\n<li>Kultivierung von Embryonen mit Embryoscope Plus<\/li>\n\n\n\n<li>RI-Witness \u00dcberwachung<\/li>\n\n\n\n<li>Kryokonservierung von Eizellen, Samenzellen,<\/li>\n\n\n\n<li>Embryonen und Ovargewebe<\/li>\n\n\n\n<li>Eizellspende<\/li>\n\n\n\n<li>Samenspende<\/li>\n\n\n\n<li>Leihmutterschaft<\/li>\n<\/ul>\n\n<\/div><\/div>\n<\/div>\n<\/div>\n<\/div>\n\n<div class=\"gb-container gb-container-ce6fc39a company-section2\">\n<div class=\"gb-container gb-container-372e7b78 inner-container\">\n\n<h2 class=\"gb-headline gb-headline-d92577f1 gb-headline-text\">Gallery<\/h2>\n\n\n\n<figure class=\"wp-block-gallery has-nested-images columns-default is-cropped wp-block-gallery-1 is-layout-flex wp-block-gallery-is-layout-flex\">\n<figure class=\"wp-block-image size-full\"><a href=\"https:\/\/sfsivf.gr\/wp-content\/uploads\/2024\/01\/iatreio1.jpg\"><img loading=\"lazy\" decoding=\"async\" width=\"400\" height=\"400\" data-id=\"505\" src=\"https:\/\/sfsivf.gr\/wp-content\/uploads\/2024\/01\/iatreio1.jpg\" alt=\"\" class=\"wp-image-505\" srcset=\"https:\/\/sfsivf.gr\/wp-content\/uploads\/2024\/01\/iatreio1.jpg 400w, https:\/\/sfsivf.gr\/wp-content\/uploads\/2024\/01\/iatreio1-300x300.jpg 300w, https:\/\/sfsivf.gr\/wp-content\/uploads\/2024\/01\/iatreio1-150x150.jpg 150w, https:\/\/sfsivf.gr\/wp-content\/uploads\/2024\/01\/iatreio1-50x50.jpg 50w\" sizes=\"auto, (max-width: 400px) 100vw, 400px\" \/><\/a><\/figure>\n\n\n\n<figure class=\"wp-block-image size-full\"><a href=\"https:\/\/sfsivf.gr\/wp-content\/uploads\/2024\/01\/iatreio2.jpg\"><img loading=\"lazy\" decoding=\"async\" width=\"400\" height=\"400\" data-id=\"508\" src=\"https:\/\/sfsivf.gr\/wp-content\/uploads\/2024\/01\/iatreio2.jpg\" alt=\"\" class=\"wp-image-508\" srcset=\"https:\/\/sfsivf.gr\/wp-content\/uploads\/2024\/01\/iatreio2.jpg 400w, https:\/\/sfsivf.gr\/wp-content\/uploads\/2024\/01\/iatreio2-300x300.jpg 300w, https:\/\/sfsivf.gr\/wp-content\/uploads\/2024\/01\/iatreio2-150x150.jpg 150w, https:\/\/sfsivf.gr\/wp-content\/uploads\/2024\/01\/iatreio2-50x50.jpg 50w\" sizes=\"auto, (max-width: 400px) 100vw, 400px\" \/><\/a><\/figure>\n\n\n\n<figure class=\"wp-block-image size-full\"><a href=\"https:\/\/sfsivf.gr\/wp-content\/uploads\/2024\/01\/iatreio3.jpg\"><img loading=\"lazy\" decoding=\"async\" width=\"400\" height=\"400\" data-id=\"511\" src=\"https:\/\/sfsivf.gr\/wp-content\/uploads\/2024\/01\/iatreio3.jpg\" alt=\"\" class=\"wp-image-511\" srcset=\"https:\/\/sfsivf.gr\/wp-content\/uploads\/2024\/01\/iatreio3.jpg 400w, https:\/\/sfsivf.gr\/wp-content\/uploads\/2024\/01\/iatreio3-300x300.jpg 300w, https:\/\/sfsivf.gr\/wp-content\/uploads\/2024\/01\/iatreio3-150x150.jpg 150w, https:\/\/sfsivf.gr\/wp-content\/uploads\/2024\/01\/iatreio3-50x50.jpg 50w\" sizes=\"auto, (max-width: 400px) 100vw, 400px\" \/><\/a><\/figure>\n<\/figure>\n\n<\/div>\n<\/div>","protected":false},"excerpt":{"rendered":"<p>Gallery<\/p>\n","protected":false},"author":1,"featured_media":697,"parent":0,"menu_order":0,"comment_status":"closed","ping_status":"closed","template":"","meta":{"_acf_changed":false,"_themeisle_gutenberg_block_has_review":false,"footnotes":""},"class_list":["post-1384","page","type-page","status-publish","has-post-thumbnail"],"acf":[],"_links":{"self":[{"href":"https:\/\/sfsivf.gr\/de\/wp-json\/wp\/v2\/pages\/1384","targetHints":{"allow":["GET"]}}],"collection":[{"href":"https:\/\/sfsivf.gr\/de\/wp-json\/wp\/v2\/pages"}],"about":[{"href":"https:\/\/sfsivf.gr\/de\/wp-json\/wp\/v2\/types\/page"}],"author":[{"embeddable":true,"href":"https:\/\/sfsivf.gr\/de\/wp-json\/wp\/v2\/users\/1"}],"replies":[{"embeddable":true,"href":"https:\/\/sfsivf.gr\/de\/wp-json\/wp\/v2\/comments?post=1384"}],"version-history":[{"count":1,"href":"https:\/\/sfsivf.gr\/de\/wp-json\/wp\/v2\/pages\/1384\/revisions"}],"predecessor-version":[{"id":1387,"href":"https:\/\/sfsivf.gr\/de\/wp-json\/wp\/v2\/pages\/1384\/revisions\/1387"}],"wp:featuredmedia":[{"embeddable":true,"href":"https:\/\/sfsivf.gr\/de\/wp-json\/wp\/v2\/media\/697"}],"wp:attachment":[{"href":"https:\/\/sfsivf.gr\/de\/wp-json\/wp\/v2\/media?parent=1384"}],"curies":[{"name":"wp","href":"https:\/\/api.w.org\/{rel}","templated":true}]}}