{"id":774,"date":"2024-01-30T16:03:59","date_gmt":"2024-01-30T14:03:59","guid":{"rendered":"https:\/\/sfsivf.gr\/?page_id=774"},"modified":"2024-05-09T16:13:42","modified_gmt":"2024-05-09T13:13:42","slug":"wer-sind-wir","status":"publish","type":"page","link":"https:\/\/sfsivf.gr\/de\/wer-sind-wir\/","title":{"rendered":"Wer Sind Wir"},"content":{"rendered":"<div class=\"gb-container gb-container-25d76913 company-section1\">\n<div class=\"gb-container gb-container-87d698d5 inner-container\">\n<div class=\"gb-grid-wrapper gb-grid-wrapper-db8e3f83\">\n<div class=\"gb-grid-column gb-grid-column-d34d5472\"><div class=\"gb-container gb-container-d34d5472\" data-aos=\"fade-right\">\n\n<h2 class=\"gb-headline gb-headline-2186eada gb-headline-text\">Southeastern Fertility Solutions<\/h2>\n\n\n\n<p>Southeastern Fertility Solutions wurde von Dr. med. Ioannis Zervomanolakis in Athen gegr\u00fcndet, um den Paaren aus dem deutschsprachigen Raum eine kompetente Behandlung im Bereich Reproduktionsmedizin anzubieten und die gesamte Begleitung von der ersten Kontaktaufnahme bis zum Behandlungsabschluss, inkl. Aufenthalt und Rechtsberatung zu \u00fcbernehmen.<\/p>\n\n\n\n<p>Die langj\u00e4hrige \u00e4rztliche T\u00e4tigkeit von Dr. med. Ioannis Zervomanolakis im deutschsprachigen Raum, zuletzt in der Position des Leitenden Oberarztes an der Universit\u00e4tsklinik f\u00fcr Gyn\u00e4kologische Endokrinologie und Reproduktionsmedizin der Medizinischen Universit\u00e4t Innsbruck, wird in Griechenland fortgesetzt. Als behandelter Arzt in der Kinderwunschklinik HYGEIA IVF Embryogenesis, einem der f\u00fchrenden Kinderwunschzentren in Athen, betreuet er alle deutschsprachigen Paare und hilft ihnen, ihren Kinderwunsch zu verwirklichen. Die Kinderwunschklinik HYGEIA IVF Embryogenesis bietet alle modernen medizinischen Verfahren im Bereich der Reproduktionsmedizin an. Der Erfolg unseres Teams wird durch h\u00f6chste Qualit\u00e4tsstandards erreicht.<\/p>\n\n\n\n<a class=\"gb-button gb-button-097bdb9b gb-button-text\" href=\"https:\/\/www.hygeiaivf.gr\/de\/\" target=\"_blank\" rel=\"noopener noreferrer\">Mehr erfahren<\/a>\n\n<\/div><\/div>\n\n<div class=\"gb-grid-column gb-grid-column-b3191441\"><div class=\"gb-container gb-container-b3191441\" data-aos=\"fade-left\">\n\n<figure class=\"gb-block-image gb-block-image-10d7ea27\"><img loading=\"lazy\" decoding=\"async\" width=\"1049\" height=\"700\" class=\"gb-image gb-image-10d7ea27\" src=\"https:\/\/sfsivf.gr\/wp-content\/uploads\/2024\/02\/Mabarchi-8.jpg\" alt=\"\" title=\"Mabarchi-8\" srcset=\"https:\/\/sfsivf.gr\/wp-content\/uploads\/2024\/02\/Mabarchi-8.jpg 1049w, https:\/\/sfsivf.gr\/wp-content\/uploads\/2024\/02\/Mabarchi-8-300x200.jpg 300w, https:\/\/sfsivf.gr\/wp-content\/uploads\/2024\/02\/Mabarchi-8-1024x683.jpg 1024w, https:\/\/sfsivf.gr\/wp-content\/uploads\/2024\/02\/Mabarchi-8-768x512.jpg 768w, https:\/\/sfsivf.gr\/wp-content\/uploads\/2024\/02\/Mabarchi-8-50x33.jpg 50w\" sizes=\"auto, (max-width: 1049px) 100vw, 1049px\" \/><\/figure>\n\n<\/div><\/div>\n<\/div>\n<\/div>\n<\/div>\n\n<div class=\"gb-container gb-container-ce6fc39a company-section2\">\n<div class=\"gb-container gb-container-372e7b78 inner-container\">\n\n<h2 class=\"gb-headline gb-headline-d92577f1 gb-headline-text\">Gallery<\/h2>\n\n\n\n<figure class=\"wp-block-gallery has-nested-images columns-default is-cropped wp-block-gallery-1 is-layout-flex wp-block-gallery-is-layout-flex\">\n<figure class=\"wp-block-image size-full\"><a href=\"https:\/\/sfsivf.gr\/wp-content\/uploads\/2024\/01\/iatreio1.jpg\"><img loading=\"lazy\" decoding=\"async\" width=\"400\" height=\"400\" data-id=\"505\" src=\"https:\/\/sfsivf.gr\/wp-content\/uploads\/2024\/01\/iatreio1.jpg\" alt=\"\" class=\"wp-image-505\" srcset=\"https:\/\/sfsivf.gr\/wp-content\/uploads\/2024\/01\/iatreio1.jpg 400w, https:\/\/sfsivf.gr\/wp-content\/uploads\/2024\/01\/iatreio1-300x300.jpg 300w, https:\/\/sfsivf.gr\/wp-content\/uploads\/2024\/01\/iatreio1-150x150.jpg 150w, https:\/\/sfsivf.gr\/wp-content\/uploads\/2024\/01\/iatreio1-50x50.jpg 50w\" sizes=\"auto, (max-width: 400px) 100vw, 400px\" \/><\/a><\/figure>\n\n\n\n<figure class=\"wp-block-image size-full\"><a href=\"https:\/\/sfsivf.gr\/wp-content\/uploads\/2024\/01\/iatreio2.jpg\"><img loading=\"lazy\" decoding=\"async\" width=\"400\" height=\"400\" data-id=\"508\" src=\"https:\/\/sfsivf.gr\/wp-content\/uploads\/2024\/01\/iatreio2.jpg\" alt=\"\" class=\"wp-image-508\" srcset=\"https:\/\/sfsivf.gr\/wp-content\/uploads\/2024\/01\/iatreio2.jpg 400w, https:\/\/sfsivf.gr\/wp-content\/uploads\/2024\/01\/iatreio2-300x300.jpg 300w, https:\/\/sfsivf.gr\/wp-content\/uploads\/2024\/01\/iatreio2-150x150.jpg 150w, https:\/\/sfsivf.gr\/wp-content\/uploads\/2024\/01\/iatreio2-50x50.jpg 50w\" sizes=\"auto, (max-width: 400px) 100vw, 400px\" \/><\/a><\/figure>\n\n\n\n<figure class=\"wp-block-image size-full\"><a href=\"https:\/\/sfsivf.gr\/wp-content\/uploads\/2024\/01\/iatreio3.jpg\"><img loading=\"lazy\" decoding=\"async\" width=\"400\" height=\"400\" data-id=\"511\" src=\"https:\/\/sfsivf.gr\/wp-content\/uploads\/2024\/01\/iatreio3.jpg\" alt=\"\" class=\"wp-image-511\" srcset=\"https:\/\/sfsivf.gr\/wp-content\/uploads\/2024\/01\/iatreio3.jpg 400w, https:\/\/sfsivf.gr\/wp-content\/uploads\/2024\/01\/iatreio3-300x300.jpg 300w, https:\/\/sfsivf.gr\/wp-content\/uploads\/2024\/01\/iatreio3-150x150.jpg 150w, https:\/\/sfsivf.gr\/wp-content\/uploads\/2024\/01\/iatreio3-50x50.jpg 50w\" sizes=\"auto, (max-width: 400px) 100vw, 400px\" \/><\/a><\/figure>\n<\/figure>\n\n<\/div>\n<\/div>","protected":false},"excerpt":{"rendered":"<p>Gallery<\/p>\n","protected":false},"author":3,"featured_media":697,"parent":0,"menu_order":0,"comment_status":"closed","ping_status":"closed","template":"","meta":{"_acf_changed":false,"_themeisle_gutenberg_block_has_review":false,"footnotes":""},"class_list":["post-774","page","type-page","status-publish","has-post-thumbnail"],"acf":[],"_links":{"self":[{"href":"https:\/\/sfsivf.gr\/de\/wp-json\/wp\/v2\/pages\/774","targetHints":{"allow":["GET"]}}],"collection":[{"href":"https:\/\/sfsivf.gr\/de\/wp-json\/wp\/v2\/pages"}],"about":[{"href":"https:\/\/sfsivf.gr\/de\/wp-json\/wp\/v2\/types\/page"}],"author":[{"embeddable":true,"href":"https:\/\/sfsivf.gr\/de\/wp-json\/wp\/v2\/users\/3"}],"replies":[{"embeddable":true,"href":"https:\/\/sfsivf.gr\/de\/wp-json\/wp\/v2\/comments?post=774"}],"version-history":[{"count":5,"href":"https:\/\/sfsivf.gr\/de\/wp-json\/wp\/v2\/pages\/774\/revisions"}],"predecessor-version":[{"id":946,"href":"https:\/\/sfsivf.gr\/de\/wp-json\/wp\/v2\/pages\/774\/revisions\/946"}],"wp:featuredmedia":[{"embeddable":true,"href":"https:\/\/sfsivf.gr\/de\/wp-json\/wp\/v2\/media\/697"}],"wp:attachment":[{"href":"https:\/\/sfsivf.gr\/de\/wp-json\/wp\/v2\/media?parent=774"}],"curies":[{"name":"wp","href":"https:\/\/api.w.org\/{rel}","templated":true}]}}