{"id":800,"date":"2024-03-11T13:30:36","date_gmt":"2024-03-11T11:30:36","guid":{"rendered":"https:\/\/sfsivf.gr\/?page_id=800"},"modified":"2024-03-13T09:34:23","modified_gmt":"2024-03-13T07:34:23","slug":"links","status":"publish","type":"page","link":"https:\/\/sfsivf.gr\/de\/links\/","title":{"rendered":"LINKS"},"content":{"rendered":"\n<h3 class=\"wp-block-heading\">BGH-Beschluss zum Thema Leihmutterschaft<\/h3>\n\n\n\n<ul class=\"wp-block-list\">\n<li><a href=\"https:\/\/www.zeit.de\/zustimmung?url=https%3A%2F%2Fwww.zeit.de%2Fgesellschaft%2Ffamilie%2F2014-12%2Fleihmutterschaft-lebenspartner-eltern-bgh\" target=\"_blank\" rel=\"noreferrer noopener\">BGH erkennt schwule Partner als rechtliche Eltern an<\/a><\/li>\n\n\n\n<li><a href=\"https:\/\/www.tagesschau.de\/thema\/bgh\/index.html\" target=\"_blank\" rel=\"noreferrer noopener\">Leihmutterschaft durch die Hintert\u00fcr<\/a><\/li>\n\n\n\n<li><a href=\"http:\/\/www.faz.net\/aktuell\/politik\/leihmutterschaft-abschied-von-der-mutter-13331471.html\" target=\"_blank\" rel=\"noreferrer noopener\">Abschied von der Mutter<\/a><\/li>\n\n\n\n<li><a href=\"https:\/\/www.sueddeutsche.de\/panorama\/grundsatzurteil-zu-leihmutter-kindern-bgh-staerkt-die-rechte-von-wunscheltern-1.2274778\" target=\"_blank\" rel=\"noreferrer noopener\">BGH st\u00e4rkt die Rechte von Wunscheltern<\/a><\/li>\n\n\n\n<li><a href=\"https:\/\/www.dw.com\/de\/wegweisendes-bgh-urteil-zur-leihmutterschaft\/a-18141787\" target=\"_blank\" rel=\"noreferrer noopener\">Wegweisendes BGH-Urteil zur Leihmutterschaft<\/a><\/li>\n<\/ul>\n\n\n\n<h3 class=\"wp-block-heading\">Unsere Publikationen und Vortr\u00e4ge<\/h3>\n\n\n\n<ul class=\"wp-block-list\">\n<li><a href=\"https:\/\/www.thieme-connect.com\/products\/ejournals\/abstract\/10.1055\/s-0034-1387981\" target=\"_blank\" rel=\"noreferrer noopener\">Einfluss der Spermienqualit\u00e4t auf den Ausgang der Behandlung mittels ICSI und Leihmutterschaft: Eine retrospektive Studie<\/a><\/li>\n\n\n\n<li><a href=\"https:\/\/www.oegrm.at\/Portals\/0\/%C3%96GRM_2014_Programm_A5_DRUCK.pdf\" target=\"_blank\" rel=\"noreferrer noopener\">Gemeinsame Jahrestagung \u00d6sterreichische Gesellschaft f\u00fcr Reproduktionsmedizin und Endokrinologie und \u00d6sterreichische IVF-Gesellschaft Und \u00d6sterreichische Gesellschaft f\u00fcr Sterilit\u00e4t, Fertilit\u00e4t und Endokrinologie Salzburg, 2.\u20134. Oktober 2014<\/a><\/li>\n\n\n\n<li><a href=\"https:\/\/apps.derstandard.at\/privacywall\/1234509284512\/Schwangerschaft-trotz-Chemotherapie\" target=\"_blank\" rel=\"noreferrer noopener\">Schwangerschaft trotz Chemotherapie<\/a><\/li>\n\n\n\n<li><a href=\"https:\/\/www.i-med.ac.at\/mypoint\/archiv\/2007092701.xml\" target=\"_blank\" rel=\"noreferrer noopener\">Forschungspreis f\u00fcr Innsbrucker Mediziner<\/a><\/li>\n\n\n\n<li><a href=\"https:\/\/www.i-med.ac.at\/mypoint\/archiv\/2008061301.xml\" target=\"_blank\" rel=\"noreferrer noopener\">Innsbrucker Nachwuchsforscherin pr\u00e4miert<\/a><\/li>\n<\/ul>\n\n\n\n<h3 class=\"wp-block-heading\">Universit\u00e4tsklinik f\u00fcr Frauenheilkunde<\/h3>\n\n\n\n<ul class=\"wp-block-list\">\n<li><a href=\"https:\/\/www.tirol-kliniken.at\/hinweis\/hinweis_statisch.html\" target=\"_blank\" rel=\"noreferrer noopener\">Jahresbericht 2007<\/a><\/li>\n\n\n\n<li><a href=\"https:\/\/books.google.gr\/books\/about\/Korrelation_der_Embryoqualit%C3%A4t_bis_zum.html?id=EfmwNwAACAAJ&amp;hl=el\" target=\"_blank\" rel=\"noreferrer noopener\">Korrelation der Embryoqualit\u00e4t bis zum Embryotransfer mit der Verabreichung von GnRH-Agonisten und -Antagonisten im Rahmen der assistierten Reproduktion<\/a><\/li>\n\n\n\n<li><a href=\"https:\/\/www.tirol-kliniken.at\/hinweis\/hinweis_statisch.html\" target=\"_blank\" rel=\"noreferrer noopener\">PUBLIKATIONEN<\/a><\/li>\n\n\n\n<li><a href=\"https:\/\/books.google.gr\/books?id=8lNbBAAAQBAJ&amp;;pg=PA432&amp;lpg=PA432&amp;dq=zervomanolakis&amp;source=bl&amp;ots=a0v-6gkv2s&amp;sig=H9NRfT65XFsnAfl4Rz3jWQKCm3U&amp;hl=el&amp;sa=X&amp;ei=Ybf5VKznMYfWat3xgMgF&amp;ved=0CEIQ6AEwBThG#v=onepage&amp;q=zervomanolakis&amp;f=false\" target=\"_blank\" rel=\"noreferrer noopener\">Klinische Endokrinologie f\u00fcr Frauen\u00e4rzte<\/a><\/li>\n\n\n\n<li><a href=\"https:\/\/books.google.gr\/books?id=sSAkBAAAQBAJ&amp;;pg=PA226&amp;lpg=PA226&amp;dq=zervomanolakis&amp;source=bl&amp;ots=kt2V0gk0rQ&amp;sig=mx45f0jbDNyXV7qc3HJPQd9eDxs&amp;hl=el&amp;sa=X&amp;ei=Ybf5VKznMYfWat3xgMgF&amp;ved=0CDUQ6AEwAzhG#v=onepage&amp;q=zervomanolakis&amp;f=false\" target=\"_blank\" rel=\"noreferrer noopener\">125 Jahre Deutsche Gesellschaft f\u00fcr Gyn\u00e4kologie und Geburtshilfe<\/a><\/li>\n\n\n\n<li><a href=\"https:\/\/books.google.gr\/books?id=4vMfBAAAQBAJ&amp;;pg=PA29&amp;lpg=PA29&amp;dq=zervomanolakis&amp;source=bl&amp;ots=sUH-86BaW6&amp;sig=MknlgjOHSz9aKNcSairhJnQNEL8&amp;hl=el&amp;sa=X&amp;ei=1rj5VIuhMY30aOuegfgP&amp;ved=0CD8Q6AEwBThG#v=onepage&amp;q=zervomanolakis&amp;f=false\" target=\"_blank\" rel=\"noreferrer noopener\">Nat\u00fcrliche Familienplanung heute<\/a><\/li>\n\n\n\n<li><a href=\"https:\/\/griechenland.diplo.de\/contentblob\/164452\/Daten\/5050754\/DownloadDatei_Arzt_Athen.pdf\" target=\"_blank\" rel=\"noreferrer noopener\">Deutschsprachige \u00c4rzte in Athen<\/a><\/li>\n<\/ul>\n","protected":false},"excerpt":{"rendered":"<p>BGH-Beschluss zum Thema Leihmutterschaft Unsere Publikationen und Vortr\u00e4ge Universit\u00e4tsklinik f\u00fcr Frauenheilkunde<\/p>\n","protected":false},"author":3,"featured_media":883,"parent":0,"menu_order":0,"comment_status":"closed","ping_status":"closed","template":"","meta":{"_acf_changed":false,"_themeisle_gutenberg_block_has_review":false,"footnotes":""},"class_list":["post-800","page","type-page","status-publish","has-post-thumbnail"],"acf":[],"_links":{"self":[{"href":"https:\/\/sfsivf.gr\/de\/wp-json\/wp\/v2\/pages\/800","targetHints":{"allow":["GET"]}}],"collection":[{"href":"https:\/\/sfsivf.gr\/de\/wp-json\/wp\/v2\/pages"}],"about":[{"href":"https:\/\/sfsivf.gr\/de\/wp-json\/wp\/v2\/types\/page"}],"author":[{"embeddable":true,"href":"https:\/\/sfsivf.gr\/de\/wp-json\/wp\/v2\/users\/3"}],"replies":[{"embeddable":true,"href":"https:\/\/sfsivf.gr\/de\/wp-json\/wp\/v2\/comments?post=800"}],"version-history":[{"count":1,"href":"https:\/\/sfsivf.gr\/de\/wp-json\/wp\/v2\/pages\/800\/revisions"}],"predecessor-version":[{"id":801,"href":"https:\/\/sfsivf.gr\/de\/wp-json\/wp\/v2\/pages\/800\/revisions\/801"}],"wp:featuredmedia":[{"embeddable":true,"href":"https:\/\/sfsivf.gr\/de\/wp-json\/wp\/v2\/media\/883"}],"wp:attachment":[{"href":"https:\/\/sfsivf.gr\/de\/wp-json\/wp\/v2\/media?parent=800"}],"curies":[{"name":"wp","href":"https:\/\/api.w.org\/{rel}","templated":true}]}}