{"id":2392,"date":"2024-01-31T10:08:26","date_gmt":"2024-01-31T08:08:26","guid":{"rendered":"https:\/\/sfsivf.gr\/?page_id=2392"},"modified":"2025-11-03T10:44:41","modified_gmt":"2025-11-03T08:44:41","slug":"klinika-hygeia-ivf-embryogenesis","status":"publish","type":"page","link":"https:\/\/sfsivf.gr\/sr\/klinika-hygeia-ivf-embryogenesis\/","title":{"rendered":"Klinika HYGEIA IVF Embryogenesis"},"content":{"rendered":"<div class=\"gb-container gb-container-25d76913 company-section1\">\n<div class=\"gb-container gb-container-87d698d5 inner-container\">\n<div class=\"gb-grid-wrapper gb-grid-wrapper-db8e3f83\">\n<div class=\"gb-grid-column gb-grid-column-d34d5472\"><div class=\"gb-container gb-container-d34d5472\" data-aos=\"fade-right\">\n\n<h2 class=\"gb-headline gb-headline-2186eada gb-headline-text\">Klinika HYGEIA IVF Embryogenesis<\/h2>\n\n\n\n<p>Dr Ioannis Zervomanolakis je partner u klinici HYGEIA IVF Embryogenesis, najve\u0107oj i najsavremenijoj jedinici za asistiranu reprodukciju u Gr\u010dkoj.<br>Klinika je osnovana 2022. godine od strane najve\u0107e zdravstvene grupacije u Gr\u010dkoj, Hellenic Healthcare Group, pru\u017eaju\u0107i nadu hiljadama parova sa problemima neplodnosti iz Gr\u010dke i inostranstva. Klinika se nalazi u neposrednoj blizini dva najve\u0107a bolni\u010dka centra u zemlji, HYGEIA i MITERA, \u010dime se pacijentima obezbe\u0111uje sveobuhvatna i kontinuirana medicinska usluga.<\/p>\n\n<\/div><\/div>\n\n<div class=\"gb-grid-column gb-grid-column-b3191441\"><div class=\"gb-container gb-container-b3191441\" data-aos=\"fade-left\">\n\n<figure class=\"gb-block-image gb-block-image-10d7ea27\"><img loading=\"lazy\" decoding=\"async\" width=\"600\" height=\"400\" class=\"gb-image gb-image-10d7ea27\" src=\"https:\/\/sfsivf.gr\/wp-content\/uploads\/2024\/02\/008-scaled-1.jpg\" alt=\"\" title=\"008-scaled\" srcset=\"https:\/\/sfsivf.gr\/wp-content\/uploads\/2024\/02\/008-scaled-1.jpg 600w, https:\/\/sfsivf.gr\/wp-content\/uploads\/2024\/02\/008-scaled-1-300x200.jpg 300w, https:\/\/sfsivf.gr\/wp-content\/uploads\/2024\/02\/008-scaled-1-50x33.jpg 50w\" sizes=\"auto, (max-width: 600px) 100vw, 600px\" \/><\/figure>\n\n<\/div><\/div>\n\n<div class=\"gb-grid-column gb-grid-column-809825fb\"><div class=\"gb-container gb-container-809825fb\" data-aos=\"fade-right\">\n\n<figure class=\"gb-block-image gb-block-image-f46fdf02\"><img loading=\"lazy\" decoding=\"async\" width=\"600\" height=\"400\" class=\"gb-image gb-image-f46fdf02\" src=\"https:\/\/sfsivf.gr\/wp-content\/uploads\/2024\/02\/072-scaled-1.jpg\" alt=\"\" title=\"072-scaled-1\" srcset=\"https:\/\/sfsivf.gr\/wp-content\/uploads\/2024\/02\/072-scaled-1.jpg 600w, https:\/\/sfsivf.gr\/wp-content\/uploads\/2024\/02\/072-scaled-1-300x200.jpg 300w, https:\/\/sfsivf.gr\/wp-content\/uploads\/2024\/02\/072-scaled-1-50x33.jpg 50w\" sizes=\"auto, (max-width: 600px) 100vw, 600px\" \/><\/figure>\n\n<\/div><\/div>\n\n<div class=\"gb-grid-column gb-grid-column-02353129\"><div class=\"gb-container gb-container-02353129\" data-aos=\"fade-left\">\n\n<h2 class=\"gb-headline gb-headline-848538f6 gb-headline-text\">Vrhunska \u03a4ehnologija<\/h2>\n\n\n\n<p>Uz podr\u0161ku nauke i tehnologije, klinika HYGEIA IVF Embryogenesis prednja\u010di u oblasti asistirane reprodukcije, raspola\u017eu\u0107i najnapredniju embriolo\u0161ku laboratoriju u Gr\u010dkoj i jednom od najboljih u svetu, u kojoj se primenjuju najsavremenije i najspecijalizovanije metode vantelesne oplodnje. Visoko obu\u010deni embriolozi sa dugogodi\u0161njim iskustvom koriste najsavremeniju opremu, me\u0111u kojom se isti\u010du:<\/p>\n\n\n\n<ul class=\"wp-block-list\">\n<li><strong>Time-lapse sistemi<\/strong>\u00a0sa inovativnim inkubatorima nove generacije koji omogu\u0107avaju\u00a0<strong>neprekidno (24-\u010dasovno) pra\u0107enje razvoja embriona<\/strong><\/li>\n\n\n\n<li><strong>Life Aire IVF ventilacioni sistem<\/strong>, jedini te vrste u Gr\u010dkoj, koji pove\u0107ava stopu uspe\u0161nosti vantelesne oplodnje i do\u00a0<strong>14,9%<\/strong><\/li>\n\n\n\n<li><strong>RIWitness sistem za pra\u0107enje i identifikaciju<\/strong>\u00a0uzoraka<\/li>\n\n\n\n<li><strong>Log and Guard sistem<\/strong>\u00a0za stalno pra\u0107enje uslova u laboratoriji<\/li>\n\n\n\n<li><strong>IVFVision.ai revolucionarni sistem ve\u0161ta\u010dke inteligencije<\/strong><\/li>\n\n\n\n<li><strong>Sopstvena banka zamrznutog genetskog materijala<\/strong><\/li>\n<\/ul>\n\n\n\n<p><strong>Visoke stope uspe\u0161nosti<\/strong><\/p>\n\n\n\n<p>HYGEIA IVF Embryogenesis \u010dini tim vrhunskih stru\u010dnjaka, lekara specijalizovanih za asistiranu reprodukciju i embriologa sa obrazovanjem iz najuglednijih svetskih centara. Na\u0161 tim poseduje najbogatije iskustvo u oblasti asistirane reprodukcije u Gr\u010dkoj, a do danas je pomogao da se na svet donese vi\u0161e od 70.000 beba.<\/p>\n\n\n\n<p>Za vi\u0161e informacija o klinici HYGEIA IVF Embryogenesis, posetite: <strong><a href=\"https:\/\/www.hygeiaivf.gr\/\" target=\"_blank\" rel=\"noreferrer noopener\">https:\/\/www.hygeiaivf.gr\/<\/a><\/strong><\/p>\n\n<\/div><\/div>\n<\/div>\n<\/div>\n<\/div>\n\n<div class=\"gb-container gb-container-ce6fc39a company-section2\">\n<div class=\"gb-container gb-container-372e7b78 inner-container\">\n\n<h2 class=\"gb-headline gb-headline-d92577f1 gb-headline-text\">Gallery<\/h2>\n\n\n\n<figure class=\"wp-block-gallery has-nested-images columns-4 is-cropped wp-block-gallery-1 is-layout-flex wp-block-gallery-is-layout-flex\">\n<figure class=\"wp-block-image size-large\"><a href=\"https:\/\/sfsivf.gr\/wp-content\/uploads\/2024\/02\/072-scaled-1.jpg\"><img loading=\"lazy\" decoding=\"async\" width=\"600\" height=\"400\" data-id=\"625\" src=\"https:\/\/sfsivf.gr\/wp-content\/uploads\/2024\/02\/072-scaled-1.jpg\" alt=\"\" class=\"wp-image-625\" srcset=\"https:\/\/sfsivf.gr\/wp-content\/uploads\/2024\/02\/072-scaled-1.jpg 600w, https:\/\/sfsivf.gr\/wp-content\/uploads\/2024\/02\/072-scaled-1-300x200.jpg 300w, https:\/\/sfsivf.gr\/wp-content\/uploads\/2024\/02\/072-scaled-1-50x33.jpg 50w\" sizes=\"auto, (max-width: 600px) 100vw, 600px\" \/><\/a><\/figure>\n\n\n\n<figure class=\"wp-block-image size-large\"><a href=\"https:\/\/sfsivf.gr\/wp-content\/uploads\/2024\/02\/120-scaled-1.jpg\"><img loading=\"lazy\" decoding=\"async\" width=\"600\" height=\"400\" data-id=\"628\" src=\"https:\/\/sfsivf.gr\/wp-content\/uploads\/2024\/02\/120-scaled-1.jpg\" alt=\"\" class=\"wp-image-628\" srcset=\"https:\/\/sfsivf.gr\/wp-content\/uploads\/2024\/02\/120-scaled-1.jpg 600w, https:\/\/sfsivf.gr\/wp-content\/uploads\/2024\/02\/120-scaled-1-300x200.jpg 300w, https:\/\/sfsivf.gr\/wp-content\/uploads\/2024\/02\/120-scaled-1-50x33.jpg 50w\" sizes=\"auto, (max-width: 600px) 100vw, 600px\" \/><\/a><\/figure>\n\n\n\n<figure class=\"wp-block-image size-large\"><a href=\"https:\/\/sfsivf.gr\/wp-content\/uploads\/2024\/02\/008-scaled-1.jpg\"><img loading=\"lazy\" decoding=\"async\" width=\"600\" height=\"400\" data-id=\"631\" src=\"https:\/\/sfsivf.gr\/wp-content\/uploads\/2024\/02\/008-scaled-1.jpg\" alt=\"\" class=\"wp-image-631\" srcset=\"https:\/\/sfsivf.gr\/wp-content\/uploads\/2024\/02\/008-scaled-1.jpg 600w, https:\/\/sfsivf.gr\/wp-content\/uploads\/2024\/02\/008-scaled-1-300x200.jpg 300w, https:\/\/sfsivf.gr\/wp-content\/uploads\/2024\/02\/008-scaled-1-50x33.jpg 50w\" sizes=\"auto, (max-width: 600px) 100vw, 600px\" \/><\/a><\/figure>\n\n\n\n<figure class=\"wp-block-image size-large\"><a href=\"https:\/\/sfsivf.gr\/wp-content\/uploads\/2024\/02\/26-scaled-1.jpg\"><img loading=\"lazy\" decoding=\"async\" width=\"600\" height=\"400\" data-id=\"634\" src=\"https:\/\/sfsivf.gr\/wp-content\/uploads\/2024\/02\/26-scaled-1.jpg\" alt=\"\" class=\"wp-image-634\" srcset=\"https:\/\/sfsivf.gr\/wp-content\/uploads\/2024\/02\/26-scaled-1.jpg 600w, https:\/\/sfsivf.gr\/wp-content\/uploads\/2024\/02\/26-scaled-1-300x200.jpg 300w, https:\/\/sfsivf.gr\/wp-content\/uploads\/2024\/02\/26-scaled-1-50x33.jpg 50w\" sizes=\"auto, (max-width: 600px) 100vw, 600px\" \/><\/a><\/figure>\n<\/figure>\n\n<\/div>\n<\/div>","protected":false},"excerpt":{"rendered":"<p>Gallery<\/p>\n","protected":false},"author":1,"featured_media":2391,"parent":0,"menu_order":0,"comment_status":"closed","ping_status":"closed","template":"","meta":{"_acf_changed":false,"_themeisle_gutenberg_block_has_review":false,"footnotes":""},"class_list":["post-2392","page","type-page","status-publish","has-post-thumbnail"],"acf":[],"_links":{"self":[{"href":"https:\/\/sfsivf.gr\/sr\/wp-json\/wp\/v2\/pages\/2392","targetHints":{"allow":["GET"]}}],"collection":[{"href":"https:\/\/sfsivf.gr\/sr\/wp-json\/wp\/v2\/pages"}],"about":[{"href":"https:\/\/sfsivf.gr\/sr\/wp-json\/wp\/v2\/types\/page"}],"author":[{"embeddable":true,"href":"https:\/\/sfsivf.gr\/sr\/wp-json\/wp\/v2\/users\/1"}],"replies":[{"embeddable":true,"href":"https:\/\/sfsivf.gr\/sr\/wp-json\/wp\/v2\/comments?post=2392"}],"version-history":[{"count":1,"href":"https:\/\/sfsivf.gr\/sr\/wp-json\/wp\/v2\/pages\/2392\/revisions"}],"predecessor-version":[{"id":2393,"href":"https:\/\/sfsivf.gr\/sr\/wp-json\/wp\/v2\/pages\/2392\/revisions\/2393"}],"wp:featuredmedia":[{"embeddable":true,"href":"https:\/\/sfsivf.gr\/sr\/wp-json\/wp\/v2\/media\/2391"}],"wp:attachment":[{"href":"https:\/\/sfsivf.gr\/sr\/wp-json\/wp\/v2\/media?parent=2392"}],"curies":[{"name":"wp","href":"https:\/\/api.w.org\/{rel}","templated":true}]}}