{"id":2398,"date":"2024-01-30T16:03:59","date_gmt":"2024-01-30T14:03:59","guid":{"rendered":"https:\/\/sfsivf.gr\/?page_id=2398"},"modified":"2025-11-03T11:16:52","modified_gmt":"2025-11-03T09:16:52","slug":"centar","status":"publish","type":"page","link":"https:\/\/sfsivf.gr\/sr\/centar\/","title":{"rendered":"Centar"},"content":{"rendered":"<div class=\"gb-container gb-container-25d76913 company-section1\">\n<div class=\"gb-container gb-container-87d698d5 inner-container\">\n<div class=\"gb-grid-wrapper gb-grid-wrapper-db8e3f83\">\n<div class=\"gb-grid-column gb-grid-column-d34d5472\"><div class=\"gb-container gb-container-d34d5472\" data-aos=\"fade-right\">\n\n<h2 class=\"gb-headline gb-headline-2186eada gb-headline-text\">Centar Southeastern Fertility Solutions<\/h2>\n\n\n\n<p>Southeastern Fertility Solutions osnovana je na temelju evropskih standarda i strogih protokola koji obezbe\u0111uju visok kvalitet na\u0161ih usluga.<\/p>\n\n\n\n<p>Nalazi se u savremeno ure\u0111enom prostoru moderne estetike, koji pru\u017ea udobnost i privatnost tokom svake va\u0161e posete.<\/p>\n\n\n\n<p>Dr Ioannis Zervomanolakis i stru\u010dni nau\u010dni tim Southeastern Fertility Solutions uvek su uz vas, spremni da razgovaraju o bilo kojem problemu neplodnosti ili zdravstvenim pitanjima koja se ti\u010du \u017eena u svim fazama \u017eivota, i da ponude najadekvatnije re\u0161enje, u potpunosti prilago\u0111eno va\u0161im potrebama i \u017eeljama.<\/p>\n\n<\/div><\/div>\n\n<div class=\"gb-grid-column gb-grid-column-b3191441\"><div class=\"gb-container gb-container-b3191441\" data-aos=\"fade-left\">\n\n<figure class=\"gb-block-image gb-block-image-10d7ea27\"><img loading=\"lazy\" decoding=\"async\" width=\"1049\" height=\"700\" class=\"gb-image gb-image-10d7ea27\" src=\"https:\/\/sfsivf.gr\/wp-content\/uploads\/2024\/02\/Mabarchi-8.jpg\" alt=\"\" title=\"Mabarchi-8\" srcset=\"https:\/\/sfsivf.gr\/wp-content\/uploads\/2024\/02\/Mabarchi-8.jpg 1049w, https:\/\/sfsivf.gr\/wp-content\/uploads\/2024\/02\/Mabarchi-8-300x200.jpg 300w, https:\/\/sfsivf.gr\/wp-content\/uploads\/2024\/02\/Mabarchi-8-1024x683.jpg 1024w, https:\/\/sfsivf.gr\/wp-content\/uploads\/2024\/02\/Mabarchi-8-768x512.jpg 768w, https:\/\/sfsivf.gr\/wp-content\/uploads\/2024\/02\/Mabarchi-8-50x33.jpg 50w\" sizes=\"auto, (max-width: 1049px) 100vw, 1049px\" \/><\/figure>\n\n<\/div><\/div>\n<\/div>\n<\/div>\n<\/div>\n\n<div class=\"gb-container gb-container-ce6fc39a company-section2\">\n<div class=\"gb-container gb-container-372e7b78 inner-container\">\n\n<h2 class=\"gb-headline gb-headline-d92577f1 gb-headline-text\">Gallery<\/h2>\n\n\n\n<figure class=\"wp-block-gallery has-nested-images columns-default is-cropped wp-block-gallery-1 is-layout-flex wp-block-gallery-is-layout-flex\">\n<figure class=\"wp-block-image size-full\"><a href=\"https:\/\/sfsivf.gr\/wp-content\/uploads\/2024\/01\/iatreio1.jpg\"><img loading=\"lazy\" decoding=\"async\" width=\"400\" height=\"400\" data-id=\"505\" src=\"https:\/\/sfsivf.gr\/wp-content\/uploads\/2024\/01\/iatreio1.jpg\" alt=\"\" class=\"wp-image-505\" srcset=\"https:\/\/sfsivf.gr\/wp-content\/uploads\/2024\/01\/iatreio1.jpg 400w, https:\/\/sfsivf.gr\/wp-content\/uploads\/2024\/01\/iatreio1-300x300.jpg 300w, https:\/\/sfsivf.gr\/wp-content\/uploads\/2024\/01\/iatreio1-150x150.jpg 150w, https:\/\/sfsivf.gr\/wp-content\/uploads\/2024\/01\/iatreio1-50x50.jpg 50w\" sizes=\"auto, (max-width: 400px) 100vw, 400px\" \/><\/a><\/figure>\n\n\n\n<figure class=\"wp-block-image size-full\"><a href=\"https:\/\/sfsivf.gr\/wp-content\/uploads\/2024\/01\/iatreio2.jpg\"><img loading=\"lazy\" decoding=\"async\" width=\"400\" height=\"400\" data-id=\"508\" src=\"https:\/\/sfsivf.gr\/wp-content\/uploads\/2024\/01\/iatreio2.jpg\" alt=\"\" class=\"wp-image-508\" srcset=\"https:\/\/sfsivf.gr\/wp-content\/uploads\/2024\/01\/iatreio2.jpg 400w, https:\/\/sfsivf.gr\/wp-content\/uploads\/2024\/01\/iatreio2-300x300.jpg 300w, https:\/\/sfsivf.gr\/wp-content\/uploads\/2024\/01\/iatreio2-150x150.jpg 150w, https:\/\/sfsivf.gr\/wp-content\/uploads\/2024\/01\/iatreio2-50x50.jpg 50w\" sizes=\"auto, (max-width: 400px) 100vw, 400px\" \/><\/a><\/figure>\n\n\n\n<figure class=\"wp-block-image size-full\"><a href=\"https:\/\/sfsivf.gr\/wp-content\/uploads\/2024\/01\/iatreio3.jpg\"><img loading=\"lazy\" decoding=\"async\" width=\"400\" height=\"400\" data-id=\"511\" src=\"https:\/\/sfsivf.gr\/wp-content\/uploads\/2024\/01\/iatreio3.jpg\" alt=\"\" class=\"wp-image-511\" srcset=\"https:\/\/sfsivf.gr\/wp-content\/uploads\/2024\/01\/iatreio3.jpg 400w, https:\/\/sfsivf.gr\/wp-content\/uploads\/2024\/01\/iatreio3-300x300.jpg 300w, https:\/\/sfsivf.gr\/wp-content\/uploads\/2024\/01\/iatreio3-150x150.jpg 150w, https:\/\/sfsivf.gr\/wp-content\/uploads\/2024\/01\/iatreio3-50x50.jpg 50w\" sizes=\"auto, (max-width: 400px) 100vw, 400px\" \/><\/a><\/figure>\n<\/figure>\n\n<\/div>\n<\/div>","protected":false},"excerpt":{"rendered":"<p>Gallery<\/p>\n","protected":false},"author":1,"featured_media":2391,"parent":0,"menu_order":0,"comment_status":"closed","ping_status":"closed","template":"","meta":{"_acf_changed":false,"_themeisle_gutenberg_block_has_review":false,"footnotes":""},"class_list":["post-2398","page","type-page","status-publish","has-post-thumbnail"],"acf":[],"_links":{"self":[{"href":"https:\/\/sfsivf.gr\/sr\/wp-json\/wp\/v2\/pages\/2398","targetHints":{"allow":["GET"]}}],"collection":[{"href":"https:\/\/sfsivf.gr\/sr\/wp-json\/wp\/v2\/pages"}],"about":[{"href":"https:\/\/sfsivf.gr\/sr\/wp-json\/wp\/v2\/types\/page"}],"author":[{"embeddable":true,"href":"https:\/\/sfsivf.gr\/sr\/wp-json\/wp\/v2\/users\/1"}],"replies":[{"embeddable":true,"href":"https:\/\/sfsivf.gr\/sr\/wp-json\/wp\/v2\/comments?post=2398"}],"version-history":[{"count":2,"href":"https:\/\/sfsivf.gr\/sr\/wp-json\/wp\/v2\/pages\/2398\/revisions"}],"predecessor-version":[{"id":2416,"href":"https:\/\/sfsivf.gr\/sr\/wp-json\/wp\/v2\/pages\/2398\/revisions\/2416"}],"wp:featuredmedia":[{"embeddable":true,"href":"https:\/\/sfsivf.gr\/sr\/wp-json\/wp\/v2\/media\/2391"}],"wp:attachment":[{"href":"https:\/\/sfsivf.gr\/sr\/wp-json\/wp\/v2\/media?parent=2398"}],"curies":[{"name":"wp","href":"https:\/\/api.w.org\/{rel}","templated":true}]}}