{"id":2404,"date":"2023-09-19T10:55:59","date_gmt":"2023-09-19T07:55:59","guid":{"rendered":"https:\/\/sfsivf.gr\/?page_id=2404"},"modified":"2025-11-03T11:03:42","modified_gmt":"2025-11-03T09:03:42","slug":"kentro","status":"publish","type":"page","link":"https:\/\/sfsivf.gr\/sr\/kentro\/","title":{"rendered":"Ko smo mi"},"content":{"rendered":"<div class=\"gb-container gb-container-25d76913 company-section1\">\n<div class=\"gb-container gb-container-87d698d5 inner-container\">\n<div class=\"gb-grid-wrapper gb-grid-wrapper-db8e3f83\">\n<div class=\"gb-grid-column gb-grid-column-d34d5472\"><div class=\"gb-container gb-container-d34d5472\" data-aos=\"fade-right\">\n\n<h2 class=\"gb-headline gb-headline-2186eada gb-headline-text\">Ko smo mi<\/h2>\n\n\n\n<p>Southeastern Fertility Solutions pru\u017ea specijalizovane tretmane plodnosti \u017eenama i parovima koji \u017eele da osnuju svoju porodicu. Osnovana od strane dr Ioannisa Zervomanolakisa, klinika je nastavak Woman Center Care &amp; Cure, jednog od prvih specijalizovanih centara u Gr\u010dkoj posve\u0107enih zdravlju \u017eena. Ovaj pionirski centar su osnovali dr Zervomanolakis zajedno sa internistom onkologom dr Florom Stavridi, po njegovom povratku u Gr\u010dku nakon uspe\u0161ne medicinske karijere u inostranstvu.<\/p>\n\n\n\n<p>U Southeastern Fertility Solutions, dr Zervomanolakis i njegov stru\u010dni tim primenjuju najnaprednije i najinovativnije nau\u010dne metode kako bi o\u010duvali \u017eensku fertilnost i re\u0161ili sve oblike \u017eenske i mu\u0161ke neplodnosti.<br><br>Dr. Zervomanolakisovo bogato iskustvo u Gr\u010dkoj, Nema\u010dkoj i Austriji, zajedno sa njegovom visokom stopom uspe\u0161nosti u asistiranoj reprodukciji, odra\u017eava i njegovu nau\u010dnu ekspertizu i duboko poznavanje najnovijih tehnika u reproduktivnoj medicini. Personalizovana nega, sveobuhvatna podr\u0161ka i kontinuirano vo\u0111enje koje nudi tim Southeastern Fertility Solutions pomogli su stotinama parova u Gr\u010dkoj i \u0161irom sveta da postanu roditelji bezbedno i uspe\u0161no.<\/p>\n\n\n\n<p>Pored brige oplodnosti, Southeastern Fertility Solutions nudi \u0161irok spektar usluga za zbrinjavanje ginekolo\u0161kih stanja sa kojima se savremene \u017eene mogu suo\u010diti u svakoj fazi \u017eivota.<br><br>Klinika sara\u0111uje sa najsavremenijom HYGEIA IVF Embryogenesis jedinicom za asistiranu reprodukciju, \u010dlan Hellenic Healthcare Group (HHG), koja je prepoznata kao uzoran centar za plodnost u Evropi.<\/p>\n\n<\/div><\/div>\n\n<div class=\"gb-grid-column gb-grid-column-b3191441\"><div class=\"gb-container gb-container-b3191441\" data-aos=\"fade-left\">\n\n<figure class=\"gb-block-image gb-block-image-10d7ea27\"><img loading=\"lazy\" decoding=\"async\" width=\"1049\" height=\"700\" class=\"gb-image gb-image-10d7ea27\" src=\"https:\/\/sfsivf.gr\/wp-content\/uploads\/2024\/02\/Mabarchi-7.jpg\" alt=\"\" title=\"Mabarchi-7\" srcset=\"https:\/\/sfsivf.gr\/wp-content\/uploads\/2024\/02\/Mabarchi-7.jpg 1049w, https:\/\/sfsivf.gr\/wp-content\/uploads\/2024\/02\/Mabarchi-7-300x200.jpg 300w, https:\/\/sfsivf.gr\/wp-content\/uploads\/2024\/02\/Mabarchi-7-1024x683.jpg 1024w, https:\/\/sfsivf.gr\/wp-content\/uploads\/2024\/02\/Mabarchi-7-768x512.jpg 768w, https:\/\/sfsivf.gr\/wp-content\/uploads\/2024\/02\/Mabarchi-7-50x33.jpg 50w\" sizes=\"auto, (max-width: 1049px) 100vw, 1049px\" \/><\/figure>\n\n<\/div><\/div>\n\n<div class=\"gb-grid-column gb-grid-column-809825fb\"><div class=\"gb-container gb-container-809825fb\" data-aos=\"fade-right\">\n\n<figure class=\"gb-block-image gb-block-image-f46fdf02\"><img loading=\"lazy\" decoding=\"async\" width=\"1048\" height=\"700\" class=\"gb-image gb-image-f46fdf02\" src=\"https:\/\/sfsivf.gr\/wp-content\/uploads\/2024\/02\/Mabarchi-4.jpg\" alt=\"\" title=\"Mabarchi-4\" srcset=\"https:\/\/sfsivf.gr\/wp-content\/uploads\/2024\/02\/Mabarchi-4.jpg 1048w, https:\/\/sfsivf.gr\/wp-content\/uploads\/2024\/02\/Mabarchi-4-300x200.jpg 300w, https:\/\/sfsivf.gr\/wp-content\/uploads\/2024\/02\/Mabarchi-4-1024x684.jpg 1024w, https:\/\/sfsivf.gr\/wp-content\/uploads\/2024\/02\/Mabarchi-4-768x513.jpg 768w, https:\/\/sfsivf.gr\/wp-content\/uploads\/2024\/02\/Mabarchi-4-50x33.jpg 50w\" sizes=\"auto, (max-width: 1048px) 100vw, 1048px\" \/><\/figure>\n\n<\/div><\/div>\n\n<div class=\"gb-grid-column gb-grid-column-02353129\"><div class=\"gb-container gb-container-02353129\" data-aos=\"fade-left\">\n\n<h2 class=\"gb-headline gb-headline-848538f6 gb-headline-text\">Za\u0161to Izabrati Nas<\/h2>\n\n\n\n<p>U Southeastern Fertility Solutions na\u0161 cilj je da u\u010dinimo put ka dobijanju deteta sigurnim i efikasnim. Za nas je svaka \u017eena i svaki par jedinstven, i zato smo uvek uz vas, pru\u017eaju\u0107i vam podr\u0161ku i nau\u010dno savetovanje koje vam je potrebno, da zajedno odlu\u010dimo o najprikladnijem tretmanu koji \u0107e dovesti do uspeha.<\/p>\n\n\n\n<p><strong>Nau\u010dna Stru\u010dnost<\/strong><br>U Southeastern Fertility Solutions, primenjujemo najnaprednije metode i tehnologije kako bismo uspe\u0161no re\u0161ili \u010dak i najkompleksnije uzroke \u017eenske i mu\u0161ke neplodnosti.<\/p>\n\n\n\n<p><strong>Dugogodi\u0161nje Iskustvo<\/strong><br>Sa 25 godina iskustva u asistiranoj reprodukciji u Gr\u010dkoj i inostranstvu, posve\u0107eni smo podr\u0161ci svakoj \u017eeni i paru na njihovom putu ka osnivanju porodice.<\/p>\n\n\n\n<p><strong>Visoka Procenat Uspe\u0161nosti<\/strong><br>Na\u0161e visoke stope uspeha u vantelesnoj oplodnji, \u010dak i u najizazovnijim slu\u010dajevima, pomogle su brojnim parovima u Gr\u010dkoj i \u0161irom sveta da postanu roditelji kroz proces obele\u017een sigurno\u0161\u0107u, precizno\u0161\u0107u i po\u0161tovanjem.<\/p>\n\n<\/div><\/div>\n<\/div>\n<\/div>\n<\/div>\n\n<div class=\"gb-container gb-container-ce6fc39a company-section2\">\n<div class=\"gb-container gb-container-372e7b78 inner-container\">\n\n<h2 class=\"gb-headline gb-headline-d92577f1 gb-headline-text\">Gallery<\/h2>\n\n\n\n<figure class=\"wp-block-gallery has-nested-images columns-default is-cropped wp-block-gallery-1 is-layout-flex wp-block-gallery-is-layout-flex\">\n<figure class=\"wp-block-image size-full\"><a href=\"https:\/\/sfsivf.gr\/wp-content\/uploads\/2024\/01\/iatreio1.jpg\"><img loading=\"lazy\" decoding=\"async\" width=\"400\" height=\"400\" data-id=\"505\" src=\"https:\/\/sfsivf.gr\/wp-content\/uploads\/2024\/01\/iatreio1.jpg\" alt=\"\" class=\"wp-image-505\" srcset=\"https:\/\/sfsivf.gr\/wp-content\/uploads\/2024\/01\/iatreio1.jpg 400w, https:\/\/sfsivf.gr\/wp-content\/uploads\/2024\/01\/iatreio1-300x300.jpg 300w, https:\/\/sfsivf.gr\/wp-content\/uploads\/2024\/01\/iatreio1-150x150.jpg 150w, https:\/\/sfsivf.gr\/wp-content\/uploads\/2024\/01\/iatreio1-50x50.jpg 50w\" sizes=\"auto, (max-width: 400px) 100vw, 400px\" \/><\/a><\/figure>\n\n\n\n<figure class=\"wp-block-image size-full\"><a href=\"https:\/\/sfsivf.gr\/wp-content\/uploads\/2024\/01\/iatreio2.jpg\"><img loading=\"lazy\" decoding=\"async\" width=\"400\" height=\"400\" data-id=\"508\" src=\"https:\/\/sfsivf.gr\/wp-content\/uploads\/2024\/01\/iatreio2.jpg\" alt=\"\" class=\"wp-image-508\" srcset=\"https:\/\/sfsivf.gr\/wp-content\/uploads\/2024\/01\/iatreio2.jpg 400w, https:\/\/sfsivf.gr\/wp-content\/uploads\/2024\/01\/iatreio2-300x300.jpg 300w, https:\/\/sfsivf.gr\/wp-content\/uploads\/2024\/01\/iatreio2-150x150.jpg 150w, https:\/\/sfsivf.gr\/wp-content\/uploads\/2024\/01\/iatreio2-50x50.jpg 50w\" sizes=\"auto, (max-width: 400px) 100vw, 400px\" \/><\/a><\/figure>\n\n\n\n<figure class=\"wp-block-image size-full\"><a href=\"https:\/\/sfsivf.gr\/wp-content\/uploads\/2024\/01\/iatreio3.jpg\"><img loading=\"lazy\" decoding=\"async\" width=\"400\" height=\"400\" data-id=\"511\" src=\"https:\/\/sfsivf.gr\/wp-content\/uploads\/2024\/01\/iatreio3.jpg\" alt=\"\" class=\"wp-image-511\" srcset=\"https:\/\/sfsivf.gr\/wp-content\/uploads\/2024\/01\/iatreio3.jpg 400w, https:\/\/sfsivf.gr\/wp-content\/uploads\/2024\/01\/iatreio3-300x300.jpg 300w, https:\/\/sfsivf.gr\/wp-content\/uploads\/2024\/01\/iatreio3-150x150.jpg 150w, https:\/\/sfsivf.gr\/wp-content\/uploads\/2024\/01\/iatreio3-50x50.jpg 50w\" sizes=\"auto, (max-width: 400px) 100vw, 400px\" \/><\/a><\/figure>\n<\/figure>\n\n<\/div>\n<\/div>","protected":false},"excerpt":{"rendered":"<p>Gallery<\/p>\n","protected":false},"author":1,"featured_media":2391,"parent":0,"menu_order":0,"comment_status":"closed","ping_status":"closed","template":"","meta":{"_acf_changed":false,"_themeisle_gutenberg_block_has_review":false,"footnotes":""},"class_list":["post-2404","page","type-page","status-publish","has-post-thumbnail"],"acf":[],"_links":{"self":[{"href":"https:\/\/sfsivf.gr\/sr\/wp-json\/wp\/v2\/pages\/2404","targetHints":{"allow":["GET"]}}],"collection":[{"href":"https:\/\/sfsivf.gr\/sr\/wp-json\/wp\/v2\/pages"}],"about":[{"href":"https:\/\/sfsivf.gr\/sr\/wp-json\/wp\/v2\/types\/page"}],"author":[{"embeddable":true,"href":"https:\/\/sfsivf.gr\/sr\/wp-json\/wp\/v2\/users\/1"}],"replies":[{"embeddable":true,"href":"https:\/\/sfsivf.gr\/sr\/wp-json\/wp\/v2\/comments?post=2404"}],"version-history":[{"count":3,"href":"https:\/\/sfsivf.gr\/sr\/wp-json\/wp\/v2\/pages\/2404\/revisions"}],"predecessor-version":[{"id":2409,"href":"https:\/\/sfsivf.gr\/sr\/wp-json\/wp\/v2\/pages\/2404\/revisions\/2409"}],"wp:featuredmedia":[{"embeddable":true,"href":"https:\/\/sfsivf.gr\/sr\/wp-json\/wp\/v2\/media\/2391"}],"wp:attachment":[{"href":"https:\/\/sfsivf.gr\/sr\/wp-json\/wp\/v2\/media?parent=2404"}],"curies":[{"name":"wp","href":"https:\/\/api.w.org\/{rel}","templated":true}]}}